{"id":16,"date":"2022-10-06T17:33:43","date_gmt":"2022-10-06T08:33:43","guid":{"rendered":"https:\/\/maknouchi.com\/?page_id=16"},"modified":"2023-10-03T20:37:00","modified_gmt":"2023-10-03T11:37:00","slug":"%e3%83%97%e3%83%a9%e3%82%a4%e3%83%90%e3%82%b7%e3%83%bc%e3%83%9d%e3%83%aa%e3%82%b7%e3%83%bc","status":"publish","type":"page","link":"https:\/\/maknouchi.com\/de\/\u30d7\u30e9\u30a4\u30d0\u30b7\u30fc\u30dd\u30ea\u30b7\u30fc\/","title":{"rendered":"Datenschutzbestimmungen."},"content":{"rendered":"<h1 class=\"wp-block-heading\"><\/h1>\n\n\n\n<p>Diese Datenschutzrichtlinie gilt f\u00fcr die verschiedenen Dienste von \"Beans and Electronics\" (im Folgenden als \"Website\" bezeichnet), einschlie\u00dflich der Bereitstellung von Informationen auf der Website und der Annahme verschiedener Anfragen von Besuchern der Website (im Folgenden als \"Besucher\" bezeichnet). ) Diese Datenschutzrichtlinie legt die Politik fest, die von der Website beim Umgang mit pers\u00f6nlichen Daten oder \u00e4hnlichen Informationen von Besuchern der Website (im Folgenden als \"Besucher\" bezeichnet) im Rahmen der verschiedenen Dienstleistungen von \"Beans and Electronics\" (im Folgenden als \"die Website\" bezeichnet), einschlie\u00dflich der Bereitstellung von Informationen auf der Website und der Annahme verschiedener Anfragen, zu beachten ist.<\/p>\n\n\n\n<h2 class=\"wp-block-heading\">1. Zweck der Verwendung der personenbezogenen Daten<\/h2>\n\n\n\n<p>Auf dieser Website werden Sie m\u00f6glicherweise aufgefordert, pers\u00f6nliche Daten wie Ihren Namen und Ihre E-Mail-Adresse anzugeben, wenn Sie uns per E-Mail kontaktieren oder sich f\u00fcr unseren E-Mail-Newsletter anmelden. Diese personenbezogenen Daten werden nur dazu verwendet, Ihnen per E-Mail Antworten auf Ihre Fragen und notwendige Informationen zukommen zu lassen, und werden f\u00fcr keinen anderen Zweck verwendet als den, f\u00fcr den Sie die personenbezogenen Daten angegeben haben.<\/p>\n\n\n\n<h2 class=\"wp-block-heading\">2. Weitergabe von personenbezogenen Daten an Dritte<\/h2>\n\n\n\n<p>Pers\u00f6nliche Daten werden auf dieser Website ordnungsgem\u00e4\u00df verwaltet und au\u00dfer in den folgenden F\u00e4llen nicht an Dritte weitergegeben<\/p>\n\n\n\n<ul class=\"wp-block-list\">\n<li>Mit Zustimmung der betroffenen Person<\/li>\n\n\n\n<li>Wenn die Offenlegung erforderlich ist, um mit Gesetzen und Vorschriften zusammenzuarbeiten.<\/li>\n<\/ul>\n\n\n\n<h2 class=\"wp-block-heading\">3. Weitergabe, Berichtigung, Erg\u00e4nzung, L\u00f6schung und Aussetzung der Verwendung personenbezogener Daten<\/h2>\n\n\n\n<p>Beantragt eine Person die Offenlegung, Berichtigung, Erg\u00e4nzung, L\u00f6schung oder Beendigung der Nutzung ihrer personenbezogenen Daten, so werden wir dem Ersuchen unverz\u00fcglich nach Best\u00e4tigung der Identit\u00e4t der betreffenden Person nachkommen.<\/p>\n\n\n\n<h2 class=\"wp-block-heading\">4. Zugang zu Analysetools<\/h2>\n\n\n\n<p>Diese Website benutzt Google Analytics, ein Zugriffsanalysetool von Google. Dieses Google Analytics verwendet Cookies, um Verkehrsdaten zu sammeln. Diese Verkehrsdaten werden anonymisiert gesammelt und identifizieren Sie nicht pers\u00f6nlich. Sie k\u00f6nnen die Erfassung dieser Daten verweigern, indem Sie die Cookies deaktivieren; bitte \u00fcberpr\u00fcfen Sie Ihre Browsereinstellungen. Weitere Informationen zu diesen Bedingungen finden Sie hier.<a href=\"https:\/\/marketingplatform.google.com\/about\/analytics\/terms\/jp\/\" target=\"_blank\" rel=\"noreferrer noopener\">auf diese Weise (Richtung in der N\u00e4he des Lautsprechers oder in Richtung des Lautsprechers)<\/a>f\u00fcr weitere Informationen.<\/p>\n\n\n\n<h2 class=\"wp-block-heading\">5. \u00c4nderungen der Datenschutzrichtlinie<\/h2>\n\n\n\n<p>Die Website h\u00e4lt sich an die f\u00fcr personenbezogene Daten geltenden japanischen Gesetze und Vorschriften und wird diese Richtlinie von Zeit zu Zeit \u00fcberpr\u00fcfen und verbessern. Die \u00fcberarbeitete und aktualisierte Datenschutzrichtlinie wird immer auf dieser Seite verf\u00fcgbar sein.<\/p>\n\n\n\n<h2 class=\"wp-block-heading\">6. Verteilung von Anzeigen<\/h2>\n\n\n\n<p>Diese Website nutzt Werbedienste Dritter. Diese Werbedienstleister k\u00f6nnen \"Cookies\" (die nicht Ihren Namen, Ihre Adresse, E-Mail-Adresse oder Telefonnummer enthalten) verwenden, um auf dieser und anderen Websites Werbung f\u00fcr Produkte und Dienstleistungen anzuzeigen, die Sie interessieren. Weitere Informationen \u00fcber Google Adsense und die Einstellung zur Deaktivierung von Cookies finden Sie unter<a rel=\"noreferrer noopener\" href=\"https:\/\/policies.google.com\/technologies\/ads?hl=ja\" target=\"_blank\">Werbung - Richtlinien und Bedingungen - Google<\/a>Siehe 'Siehe auch.<\/p>\n\n\n\n<p>Diese Website enth\u00e4lt Affiliate-Werbung (einschlie\u00dflich Amazon Associates).<\/p>\n\n\n\n<h2 class=\"wp-block-heading\">7. Kommentare zu dieser Website<\/h2>\n\n\n\n<p>Diese Website zeichnet die IP-Adresse auf, die bei der Abgabe von Kommentaren als Reaktion auf Spam und Vandalismus verwendet wird. Dies ist eine Standardfunktion, die vom Blog unterst\u00fctzt wird, und wir verwenden diese IP-Adresse zu keinem anderen Zweck als zur Reaktion auf Spam und Vandalismus. Die Eingabe von E-Mail-Adressen und URLs ist freiwillig. Bitte beachten Sie, dass alle Kommentare einer vorherigen \u00dcberpr\u00fcfung und Genehmigung durch den Administrator unterliegen. Dar\u00fcber hinaus beh\u00e4lt sich der Administrator das Recht vor, Kommentare, die einen der folgenden Punkte enthalten, nach eigenem Ermessen abzulehnen oder zu l\u00f6schen.<\/p>\n\n\n\n<ul class=\"wp-block-list\">\n<li>Die Diffamierung oder Verleumdung einer bestimmten nat\u00fcrlichen oder juristischen Person.<\/li>\n\n\n\n<li>Material mit extrem unanst\u00e4ndigem Inhalt.<\/li>\n\n\n\n<li>Gegenst\u00e4nde, die den Handel mit verbotenen Waren betreffen, oder Ersuchen oder Vermittlung von Gegenst\u00e4nden oder Handlungen, die gesetzlich verboten sind, wie z. B. Ersuchen um Handlungen, die f\u00fcr andere sch\u00e4dlich sind.<\/li>\n\n\n\n<li>Andere Gegenst\u00e4nde, die gegen die \u00f6ffentliche Ordnung und Moral versto\u00dfen oder vom Verwalter nicht genehmigt werden sollten.<\/li>\n<\/ul>\n\n\n\n<h2 class=\"wp-block-heading\">Haftungsausschluss.<\/h2>\n\n\n\n<ul class=\"wp-block-list\">\n<li>Die Urheber- und Bildrechte an den Bildern auf dieser Website liegen bei den jeweiligen Rechteinhabern. Es ist nicht unsere Absicht, irgendwelche Rechte zu verletzen. Sollte es Probleme mit dem Inhalt des Artikels oder den Bildern auf der Website geben, wenden Sie sich bitte per E-Mail direkt an die jeweiligen Rechteinhaber. Nach Best\u00e4tigung werden wir Ma\u00dfnahmen ergreifen.<\/li>\n\n\n\n<li>Wenn Sie von dieser Website \u00fcber einen Link, ein Banner oder auf andere Weise auf eine andere Website weitergeleitet werden, \u00fcbernimmt das Unternehmen keine Verantwortung f\u00fcr die auf der neuen Website angebotenen Informationen, Dienstleistungen oder sonstigen Inhalte.<\/li>\n\n\n\n<li>Obwohl alle Anstrengungen unternommen wurden, um sicherzustellen, dass der Inhalt und die Informationen auf dieser Website so genau wie m\u00f6glich sind, ist es m\u00f6glich, dass falsche Informationen aufgenommen wurden oder dass die Informationen veraltet sind. Bitte beachten Sie, dass die Richtigkeit und Vollst\u00e4ndigkeit der Informationen nicht garantiert werden kann.<\/li>\n\n\n\n<li>Bitte beachten Sie, dass das Unternehmen keine Haftung f\u00fcr Sch\u00e4den oder sonstige Verluste \u00fcbernimmt, die durch den Inhalt dieser Website verursacht werden.<\/li>\n\n\n\n<li>Die empfohlenen Browser f\u00fcr die Anzeige dieser Website sind die neuesten Versionen von Microsoft Edge, Google Chrome, Mozilla Firefox und Safari. Bitte beachten Sie, dass die Website bei Verwendung anderer Browser m\u00f6glicherweise nicht korrekt angezeigt wird oder funktioniert.<\/li>\n<\/ul>\n\n\n\n<h3 class=\"wp-block-heading\">erstmals ver\u00f6ffentlicht in<\/h3>\n\n\n\n<p>6. Oktober 2022.<\/p>","protected":false},"excerpt":{"rendered":"<p>\u672c\u30d7\u30e9\u30a4\u30d0\u30b7\u30fc\u30dd\u30ea\u30b7\u30fc\u306f\u3001&#8221;Beans and Electronics&#8221;\uff08\u4ee5\u4e0b\u300c\u5f53\u30b5\u30a4\u30c8\u300d\u3068\u3057\u307e\u3059\uff09\u306e\u5404\u7a2e\u30b5\u30fc\u30d3\u30b9\uff08\u5f53\u30b5\u30a4\u30c8\u306b\u3088\u308b\u60c5\u5831\u63d0\u4f9b\u3001\u5404\u7a2e\u304a\u554f\u5408\u305b\u306e\u53d7\u4ed8\u7b49\uff09\u306b\u304a\u3044\u3066\u3001\u5f53\u30b5\u30a4\u30c8\u306e\u8a2a\u554f\u8005\uff08\u4ee5\u4e0b\u3001\u300c\u8a2a\u554f\u8005\u300d\u3068\u3057\u307e\u3059\u3002\uff09\u306e\u500b\u4eba\u60c5 [&hellip;]<\/p>\n","protected":false},"author":1,"featured_media":0,"parent":0,"menu_order":0,"comment_status":"closed","ping_status":"closed","template":"","meta":{"footnotes":""},"class_list":["post-16","page","type-page","status-publish","hentry"],"_links":{"self":[{"href":"https:\/\/maknouchi.com\/de\/wp-json\/wp\/v2\/pages\/16","targetHints":{"allow":["GET"]}}],"collection":[{"href":"https:\/\/maknouchi.com\/de\/wp-json\/wp\/v2\/pages"}],"about":[{"href":"https:\/\/maknouchi.com\/de\/wp-json\/wp\/v2\/types\/page"}],"author":[{"embeddable":true,"href":"https:\/\/maknouchi.com\/de\/wp-json\/wp\/v2\/users\/1"}],"replies":[{"embeddable":true,"href":"https:\/\/maknouchi.com\/de\/wp-json\/wp\/v2\/comments?post=16"}],"version-history":[{"count":3,"href":"https:\/\/maknouchi.com\/de\/wp-json\/wp\/v2\/pages\/16\/revisions"}],"predecessor-version":[{"id":262,"href":"https:\/\/maknouchi.com\/de\/wp-json\/wp\/v2\/pages\/16\/revisions\/262"}],"wp:attachment":[{"href":"https:\/\/maknouchi.com\/de\/wp-json\/wp\/v2\/media?parent=16"}],"curies":[{"name":"wp","href":"https:\/\/api.w.org\/{rel}","templated":true}]}}