{"id":52,"date":"2022-10-06T23:01:06","date_gmt":"2022-10-06T14:01:06","guid":{"rendered":"https:\/\/maknouchi.com\/?page_id=52"},"modified":"2024-12-17T03:32:25","modified_gmt":"2024-12-16T18:32:25","slug":"uber","status":"publish","type":"page","link":"https:\/\/maknouchi.com\/de\/uber\/","title":{"rendered":"\u00dcber."},"content":{"rendered":"<h2 class=\"wp-block-heading\">\u00dcber diese Website<\/h2>\n\n\n\n<p>Dieser Blog ist eine Art Ideenbuch, geschrieben von einem Hobbyisten, der am liebsten mit elektronischen Instrumenten spielt und dabei Kaffee schl\u00fcrft. Ich schreibe \u00fcber meine Interessen und die Erkenntnisse, die ich aus meinen Kreationen ziehe.<\/p>\n\n\n\n<p><\/p>\n\n\n\n<p>Selbstdarstellung<\/p>\n\n\n\n<p>Vertrautheit mit elektronischer Musik<\/p>\n\n\n\n<p>Als Kind nahm er etwa f\u00fcnf Jahre lang Klavierunterricht, aber es gefiel ihm \u00fcberhaupt nicht und er scheiterte. Mit 29 Jahren sah er Hardoff-Beats von tofubeats und war schockiert. Seitdem hat er angefangen, mit Ableton Live Musik zu machen, und dann hat er sich eine Menge harter Synthesizer gekauft und ist tief in die Materie eingestiegen. In letzter Zeit f\u00fchle ich mich von der akustischen Seite der elektronischen Musik angezogen.<\/p>\n\n\n\n<p><\/p>\n\n\n\n<p>Begegnungen mit Kaffee<\/p>\n\n\n\n<p>Urspr\u00fcnglich begn\u00fcgte er sich mit Instantkaffee, aber mit Ende 20 war er vom Geschmack des Kaffees beeindruckt, den er aus Bohnen gebr\u00fcht hatte, die er aus einer Laune heraus gekauft hatte. Er wurde sich bewusst, dass er tief ger\u00f6steten, reichhaltigen Kaffee bevorzugte, und begann sich f\u00fcr Espresso zu interessieren. Er hat sich auch mit der Handr\u00f6stung besch\u00e4ftigt und ist derzeit auf der Suche nach seinem Lieblingsgeschmack. Sein Lieblingskaffeeanbauland ist Guatemala.<\/p>\n\n\n\n<p><\/p>\n\n\n\n<p>Er l\u00e4dt Videos und Songs unter dem Namen Maknouchi hoch.<\/p>\n\n\n\n<p><a href=\"https:\/\/www.youtube.com\/@maknouchi\">https:\/\/www.youtube.com\/@maknouchi<\/a><\/p>\n\n\n\n<p><a href=\"https:\/\/maknouchi.bandcamp.com\/music \">https:\/\/maknouchi.bandcamp.com\/music <\/a><\/p>\n\n\n\n<p>Twitter: https:\/\/twitter.com\/Maknouchi1 <\/p>\n\n\n\n<p>Instagram: https:\/\/www.instagram.com\/maknouch1<\/p>\n\n\n\n<figure class=\"wp-block-embed is-type-rich is-provider-spotify wp-block-embed-spotify wp-embed-aspect-21-9 wp-has-aspect-ratio\"><div class=\"wp-block-embed__wrapper\">\n<iframe title=\"Spotify-Einbettung: Kurashiki\" style=\"border-radius: 12px\" width=\"100%\" height=\"352\" frameborder=\"0\" allowfullscreen allow=\"autoplay; clipboard-write; encrypted-media; fullscreen; picture-in-picture\" loading=\"lazy\" src=\"https:\/\/open.spotify.com\/embed\/album\/0VUnzb1r4zJFcX1Rw2DHfW?si=HFvWeJapTmWOCjHif6KjNA&#038;utm_source=oembed\"><\/iframe>\n<\/div><\/figure>\n\n\n\n<figure class=\"wp-block-embed is-type-rich is-provider-soundcloud wp-block-embed-soundcloud wp-embed-aspect-4-3 wp-has-aspect-ratio\"><div class=\"wp-block-embed__wrapper\">\n<iframe title=\"Maknouchi\" width=\"1140\" height=\"450\" scrolling=\"no\" frameborder=\"no\" src=\"https:\/\/w.soundcloud.com\/player\/?visual=true&#038;url=https%3A%2F%2Fapi.soundcloud.com%2Fusers%2F161453708&#038;show_artwork=true&#038;maxheight=1000&#038;maxwidth=1140\"><\/iframe> \n<\/div><\/figure>\n\n\n\n<p><\/p>\n\n\n\n<p><\/p>","protected":false},"excerpt":{"rendered":"<p>About This Site \u3053\u306e\u30d6\u30ed\u30b0\u306f\u30b3\u30fc\u30d2\u30fc\u3092\u555c\u308a\u306a\u304c\u3089\u96fb\u5b50\u697d\u5668\u3068\u622f\u308c\u308b\u3053\u3068\u3092\u4f55\u3088\u308a\u3082\u611b\u3059\u308b\u8da3\u5473\u4eba\u304c\u7db4\u308b\u3001\u30a2\u30a4\u30c7\u30a3\u30a2\u5e33\u306e\u3088\u3046\u306a\u3082\u306e\u3067\u3059\u3002\u81ea\u5206\u306e\u8208\u5473\u306e\u304a\u3082\u3080\u304f\u307e\u307e\u3001\u5275\u4f5c\u3067\u5f97\u305f\u6c17\u3065\u304d\u3092\u8a18\u3057\u3066\u3044\u307e\u3059\u3002 \u81ea\u5df1\u7d39\u4ecb \u96fb\u5b50\u97f3\u697d\u3068\u306e\u99b4\u308c\u521d\u3081 \u5e7c\u5c11\u671f\u30d4\u30a2\u30ce\u3092 [&hellip;]<\/p>\n","protected":false},"author":1,"featured_media":0,"parent":0,"menu_order":0,"comment_status":"closed","ping_status":"closed","template":"","meta":{"footnotes":""},"class_list":["post-52","page","type-page","status-publish","hentry"],"_links":{"self":[{"href":"https:\/\/maknouchi.com\/de\/wp-json\/wp\/v2\/pages\/52","targetHints":{"allow":["GET"]}}],"collection":[{"href":"https:\/\/maknouchi.com\/de\/wp-json\/wp\/v2\/pages"}],"about":[{"href":"https:\/\/maknouchi.com\/de\/wp-json\/wp\/v2\/types\/page"}],"author":[{"embeddable":true,"href":"https:\/\/maknouchi.com\/de\/wp-json\/wp\/v2\/users\/1"}],"replies":[{"embeddable":true,"href":"https:\/\/maknouchi.com\/de\/wp-json\/wp\/v2\/comments?post=52"}],"version-history":[{"count":10,"href":"https:\/\/maknouchi.com\/de\/wp-json\/wp\/v2\/pages\/52\/revisions"}],"predecessor-version":[{"id":398,"href":"https:\/\/maknouchi.com\/de\/wp-json\/wp\/v2\/pages\/52\/revisions\/398"}],"wp:attachment":[{"href":"https:\/\/maknouchi.com\/de\/wp-json\/wp\/v2\/media?parent=52"}],"curies":[{"name":"wp","href":"https:\/\/api.w.org\/{rel}","templated":true}]}}